{"id":11,"date":"2025-04-10T18:57:53","date_gmt":"2025-04-10T18:57:53","guid":{"rendered":"http:\/\/www.claircoffee.com\/?page_id=11"},"modified":"2025-08-07T11:47:50","modified_gmt":"2025-08-07T11:47:50","slug":"11-2","status":"publish","type":"page","link":"https:\/\/www.claircoffee.com\/","title":{"rendered":"Home"},"content":{"rendered":"<p>[et_pb_section fb_built=&#8221;1&#8243; admin_label=&#8221;Hero&#8221; _builder_version=&#8221;4.27.4&#8243; _module_preset=&#8221;74c69059-8e69-4122-b1e6-dfeabf6c5711&#8243; use_background_color_gradient=&#8221;on&#8221; background_color_gradient_stops=&#8221;rgba(0,0,0,0.6) 0%|rgba(0,0,0,0.9) 100%&#8221; background_color_gradient_overlays_image=&#8221;on&#8221; background_color_gradient_start=&#8221;rgba(0,0,0,0.5)&#8221; background_color_gradient_end=&#8221;rgba(0,0,0,0.75)&#8221; background_enable_image=&#8221;off&#8221; background_video_mp4=&#8221;https:\/\/www.claircoffee.com\/wp-content\/uploads\/2025\/04\/bgvid.mp4&#8243; min_height=&#8221;840.4px&#8221; custom_margin=&#8221;||0px|||&#8221; custom_padding=&#8221;8%||504px||false|false&#8221; locked=&#8221;off&#8221; collapsed=&#8221;on&#8221; global_colors_info=&#8221;{}&#8221;][\/et_pb_section][et_pb_section fb_built=&#8221;1&#8243; admin_label=&#8221;About&#8221; _builder_version=&#8221;4.25.1&#8243; _module_preset=&#8221;default&#8221; collapsed=&#8221;on&#8221; global_colors_info=&#8221;{}&#8221;][et_pb_row custom_padding_last_edited=&#8221;on|desktop&#8221; module_id=&#8221;about-us&#8221; _builder_version=&#8221;4.27.4&#8243; _module_preset=&#8221;048d8e79-b07f-439b-bd57-f41c14f0a56b&#8221; background_color=&#8221;#FFFFFF&#8221; custom_padding=&#8221;|30px|27px|30px|false|true&#8221; custom_padding_tablet=&#8221;|30px||30px|false|true&#8221; custom_padding_phone=&#8221;|20px||20px|false|true&#8221; border_radii=&#8221;on|6px|6px|6px|6px&#8221; global_colors_info=&#8221;{}&#8221;][et_pb_column type=&#8221;4_4&#8243; _builder_version=&#8221;4.25.1&#8243; _module_preset=&#8221;default&#8221; global_colors_info=&#8221;{}&#8221;][et_pb_text quote_border_color=&#8221;#a98467&#8243; _builder_version=&#8221;4.25.1&#8243; _module_preset=&#8221;2c55a9c4-feed-423b-9edb-ae0b5b365cac&#8221; text_font=&#8221;Poppins|Poppins_weight|||||||&#8221; text_text_color=&#8221;#3c3a47&#8243; text_font_size=&#8221;16px&#8221; text_line_height=&#8221;1.75em&#8221; link_font=&#8221;|Poppins_weight|||||||&#8221; link_text_color=&#8221;#6c584c&#8221; quote_font=&#8221;Abril Fatface|Abril Fatface_weight|||||||&#8221; quote_text_color=&#8221;#0e0c19&#8243; header_font=&#8221;Abril Fatface|Abril Fatface_weight|||||||&#8221; header_text_color=&#8221;#0e0c19&#8243; header_font_size=&#8221;72px&#8221; header_line_height=&#8221;1.15em&#8221; header_2_font=&#8221;Abril Fatface|Abril Fatface_weight|||||||&#8221; header_2_text_color=&#8221;#0e0c19&#8243; header_2_font_size=&#8221;50px&#8221; header_2_line_height=&#8221;1.2em&#8221; header_3_font=&#8221;Abril Fatface|Abril Fatface_weight|||||||&#8221; header_3_text_color=&#8221;#0e0c19&#8243; header_3_font_size=&#8221;32px&#8221; header_3_line_height=&#8221;1.3em&#8221; header_4_font=&#8221;Abril Fatface|Abril Fatface_weight|||||||&#8221; header_4_text_color=&#8221;#0e0c19&#8243; header_4_font_size=&#8221;24px&#8221; header_4_line_height=&#8221;1.4em&#8221; header_5_font=&#8221;Abril Fatface|Abril Fatface_weight|||||||&#8221; header_5_text_color=&#8221;#0e0c19&#8243; header_5_font_size=&#8221;18px&#8221; header_5_line_height=&#8221;1.4em&#8221; header_6_font=&#8221;Abril Fatface|Abril Fatface_weight|||||||&#8221; header_6_text_color=&#8221;#0e0c19&#8243; header_6_line_height=&#8221;1.5em&#8221; custom_margin=&#8221;||||false|false&#8221; text_font_size_tablet=&#8221;15px&#8221; text_font_size_phone=&#8221;14px&#8221; text_font_size_last_edited=&#8221;on|phone&#8221; header_font_size_tablet=&#8221;40px&#8221; header_font_size_phone=&#8221;24px&#8221; header_font_size_last_edited=&#8221;on|desktop&#8221; header_2_font_size_tablet=&#8221;28px&#8221; header_2_font_size_phone=&#8221;20px&#8221; header_2_font_size_last_edited=&#8221;on|phone&#8221; header_3_font_size_tablet=&#8221;22px&#8221; header_3_font_size_phone=&#8221;17px&#8221; header_3_font_size_last_edited=&#8221;on|phone&#8221; header_4_font_size_tablet=&#8221;18px&#8221; header_4_font_size_phone=&#8221;15px&#8221; header_4_font_size_last_edited=&#8221;on|tablet&#8221; header_5_font_size_tablet=&#8221;15px&#8221; header_5_font_size_phone=&#8221;14px&#8221; header_5_font_size_last_edited=&#8221;on|desktop&#8221; header_6_font_size_tablet=&#8221;13px&#8221; header_6_font_size_phone=&#8221;13px&#8221; header_6_font_size_last_edited=&#8221;on|desktop&#8221; global_colors_info=&#8221;{}&#8221;]<\/p>\n<p class=\"cvGsUA direction-ltr align-justify para-style-body\" style=\"text-align: center;\"><span class=\"OYPEnA font-feature-liga-off font-feature-clig-off font-feature-calt-off text-decoration-none text-strikethrough-none\">We believe that great coffee can transform any moment into something memorable.<\/span><span class=\"OYPEnA font-feature-liga-off font-feature-clig-off font-feature-calt-off text-decoration-none text-strikethrough-none white-space-prewrap\"> <\/span><\/p>\n<p class=\"cvGsUA direction-ltr align-justify para-style-body\" style=\"text-align: center;\"><span class=\"OYPEnA font-feature-liga-off font-feature-clig-off font-feature-calt-off text-decoration-none text-strikethrough-none\">We specialize in crafting high-quality, coffee drinks\u2014served fresh, fast, and with a smile\u2014wherever the celebration takes us.<\/span><\/p>\n<p class=\"cvGsUA direction-ltr align-justify para-style-body\" style=\"text-align: center;\">\n<p class=\"cvGsUA direction-ltr align-justify para-style-body\" style=\"text-align: center;\"><span class=\"OYPEnA font-feature-liga-off font-feature-clig-off font-feature-calt-off text-decoration-none text-strikethrough-none\">Born from a love for both coffee culture and community, we created a mobile caf\u00e9 experience that brings the charm of a specialty coffee shop directly to your event. Whether it\u2019s a wedding, corporate gathering, market, or private party, we bring the buzz (and the crema) to you.<\/span><\/p>\n<p class=\"cvGsUA direction-ltr align-justify para-style-body\" style=\"text-align: center;\">\n<p class=\"cvGsUA direction-ltr align-justify para-style-body\" style=\"text-align: center;\"><span class=\"OYPEnA font-feature-liga-off font-feature-clig-off font-feature-calt-off text-decoration-none text-strikethrough-none\">Our baristas are passionate professionals who use premium beans, state-of-the-art espresso machines, and a whole lot of love to create every cup. From smooth lattes to fizzy soda coffee drinks, our menu is designed to please every palate.<\/span><\/p>\n<p class=\"cvGsUA direction-ltr align-justify para-style-body\" style=\"text-align: center;\">\n<p class=\"cvGsUA direction-ltr align-justify para-style-body\" style=\"text-align: center;\"><span class=\"OYPEnA font-feature-liga-off font-feature-clig-off font-feature-calt-off text-decoration-none text-strikethrough-none\">Let us elevate your next event with the aroma, taste, and energy of exceptional coffee.<\/span><span class=\"OYPEnA font-feature-liga-off font-feature-clig-off font-feature-calt-off text-decoration-none text-strikethrough-none\"><\/span><span class=\"OYPEnA font-feature-liga-off font-feature-clig-off font-feature-calt-off text-decoration-none text-strikethrough-none\"><\/span><\/p>\n<p class=\"cvGsUA direction-ltr align-justify para-style-body\"><span class=\"OYPEnA font-feature-liga-off font-feature-clig-off font-feature-calt-off text-decoration-none text-strikethrough-none\"><\/span><\/p>\n<p>[\/et_pb_text][et_pb_image src=&#8221;https:\/\/www.claircoffee.com\/wp-content\/uploads\/2025\/04\/claircoffee-1500-\u00d7-500-px-1500-\u00d7-400-px-1200-\u00d7-300-px-1.png&#8221; title_text=&#8221;claircoffee (1500 \u00d7 500 px) (1500 \u00d7 400 px) (1200 \u00d7 300 px) (1)&#8221; align=&#8221;center&#8221; _builder_version=&#8221;4.27.4&#8243; _module_preset=&#8221;default&#8221; width=&#8221;80px&#8221; max_width=&#8221;80px&#8221; custom_margin=&#8221;||-1px|||&#8221; global_colors_info=&#8221;{}&#8221;][\/et_pb_image][et_pb_text _builder_version=&#8221;4.27.4&#8243; _module_preset=&#8221;default&#8221; custom_padding=&#8221;||0px|||&#8221; global_colors_info=&#8221;{}&#8221;]<\/p>\n<p style=\"text-align: center;\"><span style=\"color: #0a0a0a;\"><strong><span class=\"OYPEnA font-feature-liga-off font-feature-clig-off font-feature-calt-off text-decoration-none text-strikethrough-none\">Clearly Coffee<\/span><\/strong><\/span><\/p>\n<p>[\/et_pb_text][\/et_pb_column][\/et_pb_row][\/et_pb_section][et_pb_section fb_built=&#8221;1&#8243; admin_label=&#8221;Menu Pricing&#8221; _builder_version=&#8221;4.23.1&#8243; _module_preset=&#8221;default&#8221; collapsed=&#8221;on&#8221; global_colors_info=&#8221;{}&#8221;][et_pb_row column_structure=&#8221;1_5,3_5,1_5&#8243; module_id=&#8221;our-menu&#8221; _builder_version=&#8221;4.27.4&#8243; _module_preset=&#8221;default&#8221; global_colors_info=&#8221;{}&#8221;][et_pb_column type=&#8221;1_5&#8243; _builder_version=&#8221;4.27.4&#8243; _module_preset=&#8221;default&#8221; global_colors_info=&#8221;{}&#8221;][\/et_pb_column][et_pb_column type=&#8221;3_5&#8243; _builder_version=&#8221;4.27.4&#8243; _module_preset=&#8221;default&#8221; global_colors_info=&#8221;{}&#8221;][et_pb_text _builder_version=&#8221;4.27.4&#8243; _module_preset=&#8221;default&#8221; global_colors_info=&#8221;{}&#8221;]<\/p>\n<p style=\"text-align: center;\"><span style=\"font-family: Questrial; font-weight: normal; font-size: x-large; color: #0a0a0a;\"><strong><span class=\"OYPEnA font-feature-liga-off font-feature-clig-off font-feature-calt-off text-decoration-none text-strikethrough-none\">our menu<\/span><\/strong><\/span><\/p>\n<p>[\/et_pb_text][\/et_pb_column][et_pb_column type=&#8221;1_5&#8243; _builder_version=&#8221;4.27.4&#8243; _module_preset=&#8221;default&#8221; global_colors_info=&#8221;{}&#8221;][\/et_pb_column][\/et_pb_row][et_pb_row column_structure=&#8221;1_2,1_2&#8243; custom_padding_last_edited=&#8221;on|tablet&#8221; _builder_version=&#8221;4.27.4&#8243; _module_preset=&#8221;5138c454-be54-4233-bd3b-f8e6a8747976&#8243; custom_padding_tablet=&#8221;||0px||false|false&#8221; custom_padding_phone=&#8221;||0px||false|false&#8221; hover_enabled=&#8221;0&#8243; global_colors_info=&#8221;{}&#8221; sticky_enabled=&#8221;0&#8243;][et_pb_column type=&#8221;1_2&#8243; _builder_version=&#8221;4.27.4&#8243; _module_preset=&#8221;73121f80-a3ef-4484-8763-c3f18e3c56d2&#8243; background_color=&#8221;#0a0a0a&#8221; custom_padding=&#8221;80px||100px||false|false&#8221; border_radii=&#8221;on|15px|15px|15px|15px&#8221; border_color_all=&#8221;#000000&#8243; global_colors_info=&#8221;{}&#8221;][et_pb_text _builder_version=&#8221;4.27.4&#8243; _module_preset=&#8221;default&#8221; custom_padding=&#8221;0px||0px|||&#8221; inline_fonts=&#8221;Questrial&#8221; global_colors_info=&#8221;{}&#8221;]<\/p>\n<p><span data-canva-clipboard=\"ewAiAGEAIgA6ADUALAAiAGgAIgA6ACIAdwB3AHcALgBjAGEAbgB2AGEALgBjAG8AbQAiACwAIgBjACIAOgAiAEQAQQBHAGsARABuAEUAcwBHAEsAWQAiACwAIgBpACIAOgAiAFoAcgBVADUARQBYAGsASwBlAEwAQQBqAFYAQgBBADQAZgBpAHcAaQBVAHcAIgAsACIAYgAiADoAMQA3ADQANAAxADIANAAxADgAOAA2ADMAMgAsACIAQQA\/ACIAOgAiAEIAIgAsACIAQQAiADoAWwB7ACIAQQAiADoAMgA3ADAALgA1ADAANwA0ADMAMgAyADcAMAA0ADcAOQAyACwAIgBCACIAOgAzADYANAAuADAAMQAzADQANQAyADEANwA5ADYAMAAyADkANQAsACIARAAiADoAMQAyADIALgAwADkAMwA3ADUALAAiAEMAIgA6ADMAMAAwAC4AMgA3ADEAMwAsACIAQQA\/ACIAOgAiAEsAIgAsACIAYQAiADoAewAiAEEAIgA6AFsAewAiAEEAPwAiADoAIgBBACIALAAiAEEAIgA6ACIAQQBtAGUAIgB9ACwAewAiAEEAPwAiADoAIgBCACIALAAiAEEAIgA6ADMAfQAsAHsAIgBBAD8AIgA6ACIAQQAiACwAIgBBACIAOgAiAHIAaQBjACIAfQAsAHsAIgBBAD8AIgA6ACIAQgAiACwAIgBBACIAOgAyAH0ALAB7ACIAQQA\/ACIAOgAiAEEAIgAsACIAQQAiADoAIgBhAG4AbwBcAG4AXABuAEwAIgB9ACwAewAiAEEAPwAiADoAIgBCACIALAAiAEEAIgA6ADEAfQAsAHsAIgBBAD8AIgA6ACIAQQAiACwAIgBBACIAOgAiAGEAdAB0AGUAIABcAG4AKABNAGkAbABrACAAIgB9ACwAewAiAEEAPwAiADoAIgBCACIALAAiAEEAIgA6ADYAfQAsAHsAIgBBAD8AIgA6ACIAQQAiACwAIgBBACIAOgAiAHwAIAAiAH0ALAB7ACIAQQA\/ACIAOgAiAEIAIgAsACIAQQAiADoAMgB9ACwAewAiAEEAPwAiADoAIgBBACIALAAiAEEAIgA6ACIAVgBhAG4AaQBsAGwAYQAgAHwAIABDAGEAcgBhAG0AZQBsACAAKQAiAH0ALAB7ACIAQQA\/ACIAOgAiAEIAIgAsACIAQQAiADoAMgB9ACwAewAiAEEAPwAiADoAIgBBACIALAAiAEEAIgA6ACIAXABuAFwAbgBDACIAfQAsAHsAIgBBAD8AIgA6ACIAQgAiACwAIgBBACIAOgAyAH0ALAB7ACIAQQA\/ACIAOgAiAEEAIgAsACIAQQAiADoAIgBhAHAAcAB1AGMAaQBuAG8AXABuAFwAbgBTAHAAYQBuAGkAcwBoACAATABhAHQAdABlAFwAbgBcAG4AQwBvAGwAZAAgAEIAcgBlAHcAXABuAFwAbgAiAH0ALAB7ACIAQQA\/ACIAOgAiAEIAIgAsACIAQQAiADoANQB9ACwAewAiAEEAPwAiADoAIgBBACIALAAiAEEAIgA6ACIAXABuACIAfQBdACwAIgBCACIAOgBbAHsAIgBBAD8AIgA6ACIAQQAiACwAIgBBACIAOgB7ACIAZgBvAG4AdAAtAHMAaQB6AGUAIgA6AHsAIgBCACIAOgAiADEAOAAuADYANAAzADUAIgB9ACwAIgBjAG8AbABvAHIAIgA6AHsAIgBCACIAOgAiACMAZgBmAGYAZgBmAGYAIgB9ACwAIgBmAG8AbgB0AC0AZgBhAG0AaQBsAHkAIgA6AHsAIgBCACIAOgAiAFkAQQBEAEsANABMAFMAdgB2AHkARQAsADAAIgB9ACwAIgB0AHIAYQBjAGsAaQBuAGcAIgA6AHsAIgBCACIAOgAiAC0ANQAwAC4AMAAiAH0ALAAiAHQAZQB4AHQALQBhAGwAaQBnAG4AIgA6AHsAIgBCACIAOgAiAGMAZQBuAHQAZQByACIAfQB9AH0ALAB7ACIAQQA\/ACIAOgAiAEIAIgAsACIAQQAiADoAMwB9ACwAewAiAEEAPwAiADoAIgBBACIALAAiAEEAIgA6AHsAIgBzAHAAYQBjAGkAbgBnACIAOgB7ACIAQgAiADoAIgAwAC4AMAAiAH0ALAAiAHQAZQB4AHQALQB0AHIAYQBuAHMAZgBvAHIAbQAiADoAewAiAEIAIgA6ACIAbgBvAG4AZQAiAH0ALAAiAGwAZQBhAGQAaQBuAGcAIgA6AHsAIgBCACIAOgAiADEANAAwADAALgAwACIAfQB9AH0ALAB7ACIAQQA\/ACIAOgAiAEIAIgAsACIAQQAiADoAMgAxAH0ALAB7ACIAQQA\/ACIAOgAiAEEAIgAsACIAQQAiADoAewAiAGYAbwBuAHQALQBzAGkAegBlACIAOgB7ACIAQgAiADoAIgAxADMALgAzADMAMwAzACIAfQB9AH0ALAB7ACIAQQA\/ACIAOgAiAEIAIgAsACIAQQAiADoAMwA4AH0ALAB7ACIAQQA\/ACIAOgAiAEEAIgAsACIAQQAiADoAewAiAGYAbwBuAHQALQBzAGkAegBlACIAOgB7ACIAQgAiADoAIgAxADgALgA2ADQAMwA1ACIAfQB9AH0ALAB7ACIAQQA\/ACIAOgAiAEIAIgAsACIAQQAiADoANAA2AH0ALAB7ACIAQQA\/ACIAOgAiAEEAIgAsACIAQQAiADoAewAiAGYAbwBuAHQALQBzAGkAegBlACIAOgB7AH0ALAAiAGMAbwBsAG8AcgAiADoAewB9ACwAIgBmAG8AbgB0AC0AZgBhAG0AaQBsAHkAIgA6AHsAfQAsACIAdAByAGEAYwBrAGkAbgBnACIAOgB7AH0ALAAiAHQAZQB4AHQALQBhAGwAaQBnAG4AIgA6AHsAfQAsACIAcwBwAGEAYwBpAG4AZwAiADoAewB9ACwAIgB0AGUAeAB0AC0AdAByAGEAbgBzAGYAbwByAG0AIgA6AHsAfQAsACIAbABlAGEAZABpAG4AZwAiADoAewB9AH0AfQBdAH0ALAAiAGIAIgA6AHsAIgBBACIAOgBbADEAMAAsADEALAA3ACwAMgA4ACwAMQAsADEAMAAsADEALAAxADQALAAxACwAMQAwACwAMQAsADEAXQB9ACwAIgBkACIAOgAiAEEAIgAsACIAZwAiADoAZgBhAGwAcwBlACwAIgBoACIAOgAiAEIAIgB9AF0ALAAiAEIAIgA6ADEAMwA2ADYALAAiAEMAIgA6ADcANgA4AH0A\" style=\"color: rgba(255, 255, 255, 0); font-size: large;\"><\/span><\/p>\n<div>\n<div>\n<p style=\"text-align: center;\"><span style=\"font-family: Questrial;\"><span style=\"font-weight: normal; font-size: x-large; color: #ffffff;\">classic coffee<\/span><span style=\"font-size: medium; color: #ffffff;\"><\/span><\/span><\/p>\n<p style=\"text-align: center;\"><span style=\"color: #ffffff; font-size: small;\">(served hot or iced)<\/span><span style=\"font-family: Questrial;\"><span style=\"font-weight: normal; font-size: x-large; color: #ffffff;\"><\/span><\/span><\/p>\n<p style=\"text-align: center;\"><span style=\"font-size: medium; color: #ffffff; font-family: Questrial;\"><\/span><\/p>\n<p style=\"text-align: center;\"><span style=\"font-family: Questrial; font-size: large;\"><span style=\"color: #ffffff;\">Americano<\/span><span style=\"color: #ffffff;\"><\/span><\/span><\/p>\n<p style=\"text-align: center;\"><span style=\"font-size: large; color: #ffffff; font-family: Questrial;\"><\/span><\/p>\n<\/div>\n<div style=\"text-align: center;\">\n<p><span style=\"font-size: large; color: #ffffff; font-family: Questrial;\">Latte <\/span><\/p>\n<\/div>\n<div style=\"text-align: center;\">\n<p><span style=\"font-size: small; color: #ffffff; font-family: Questrial;\">(Milk | Vanilla | Caramel )<\/span><\/p>\n<p><span style=\"font-size: medium; color: #ffffff; font-family: Questrial;\"><\/span><\/p>\n<\/div>\n<div style=\"text-align: center;\">\n<p><span style=\"font-size: large; color: #ffffff; font-family: Questrial;\">Cappucino<\/span><\/p>\n<p><span style=\"font-size: large; color: #ffffff; font-family: Questrial;\"><\/span><\/p>\n<\/div>\n<div style=\"text-align: center;\">\n<p><span style=\"font-size: large; color: #ffffff; font-family: Questrial;\">Spanish Latte<\/span><\/p>\n<p><span style=\"font-size: large; color: #ffffff; font-family: Questrial;\"><\/span><\/p>\n<\/div>\n<div>\n<p style=\"text-align: center;\"><span style=\"font-size: large; color: #ffffff; font-family: Questrial;\">Cold Brew<\/span><\/p>\n<\/div>\n<\/div>\n<p>[\/et_pb_text][\/et_pb_column][et_pb_column type=&#8221;1_2&#8243; _builder_version=&#8221;4.27.4&#8243; _module_preset=&#8221;73121f80-a3ef-4484-8763-c3f18e3c56d2&#8243; custom_padding=&#8221;80px||100px||false|false&#8221; hover_enabled=&#8221;0&#8243; border_radii=&#8221;on|10px|10px|10px|10px&#8221; border_width_all=&#8221;3px&#8221; global_colors_info=&#8221;{}&#8221; sticky_enabled=&#8221;0&#8243;][et_pb_text _builder_version=&#8221;4.27.4&#8243; _module_preset=&#8221;default&#8221; custom_padding=&#8221;0px||0px|||&#8221; inline_fonts=&#8221;Questrial,Aclonica&#8221; global_colors_info=&#8221;{}&#8221;]<\/p>\n<div>\n<h4 class=\"cvGsUA direction-ltr align-center para-style-body\" style=\"text-align: center;\"><span style=\"font-family: Questrial; font-weight: normal;\"><span style=\"color: #0a0a0a; font-size: x-large;\">fizzy coffee<\/span><span class=\"OYPEnA font-feature-liga-off font-feature-clig-off font-feature-calt-off text-decoration-none text-strikethrough-none\" style=\"font-size: medium;\"><\/span><\/span><\/h4>\n<p style=\"text-align: center;\"><span style=\"font-family: Questrial; color: #0a0a0a; font-size: small; font-weight: normal;\">(served iced)<\/span><\/p>\n<p style=\"text-align: center;\"><span style=\"font-family: Questrial; font-size: medium; font-weight: normal; color: #4c4c4c;\">Fizzy Americano<\/span><\/p>\n<p class=\"cvGsUA direction-ltr align-center para-style-body\" style=\"text-align: center;\"><span class=\"OYPEnA font-feature-liga-off font-feature-clig-off font-feature-calt-off text-decoration-none text-strikethrough-none\" style=\"color: #4c4c4c; font-size: medium; font-family: Questrial; font-weight: normal;\">Mango Fizzy Americano<\/span><\/p>\n<p class=\"cvGsUA direction-ltr align-center para-style-body\" style=\"text-align: center;\"><span class=\"OYPEnA font-feature-liga-off font-feature-clig-off font-feature-calt-off text-decoration-none text-strikethrough-none\" style=\"color: #4c4c4c; font-size: medium; font-family: Questrial; font-weight: normal;\">Blueberry Fizzy Americano<\/span><\/p>\n<p class=\"cvGsUA direction-ltr align-center para-style-body\" style=\"text-align: center;\"><span class=\"OYPEnA font-feature-liga-off font-feature-clig-off font-feature-calt-off text-decoration-none text-strikethrough-none\" style=\"color: #4c4c4c; font-size: medium; font-family: Questrial; font-weight: normal;\">Raspberry Fizzy Americano<\/span><\/p>\n<p class=\"cvGsUA direction-ltr align-center para-style-body\" style=\"text-align: center;\"><span style=\"font-family: Questrial; font-weight: normal; color: #4c4c4c; font-size: medium;\">Strawberry Fizzy Americano<span class=\"OYPEnA font-feature-liga-off font-feature-clig-off font-feature-calt-off text-decoration-none text-strikethrough-none\"><\/span><\/span><\/p>\n<p class=\"cvGsUA direction-ltr align-center para-style-body\" style=\"text-align: center;\"><span style=\"font-family: Questrial; font-weight: normal; color: #4c4c4c; font-size: medium;\">Orange FIzzy Americano<\/span><\/p>\n<p class=\"cvGsUA direction-ltr align-center para-style-body\">\n<\/div>\n<div><\/div>\n<p>[\/et_pb_text][\/et_pb_column][\/et_pb_row][\/et_pb_section][et_pb_section fb_built=&#8221;1&#8243; admin_label=&#8221;Contact Info&#8221; _builder_version=&#8221;4.25.1&#8243; _module_preset=&#8221;default&#8221; collapsed=&#8221;on&#8221; global_colors_info=&#8221;{}&#8221;][et_pb_row column_structure=&#8221;1_5,3_5,1_5&#8243; module_id=&#8221;our-socials&#8221; _builder_version=&#8221;4.27.4&#8243; _module_preset=&#8221;default&#8221; global_colors_info=&#8221;{}&#8221;][et_pb_column type=&#8221;1_5&#8243; _builder_version=&#8221;4.27.4&#8243; _module_preset=&#8221;default&#8221; global_colors_info=&#8221;{}&#8221;][\/et_pb_column][et_pb_column type=&#8221;3_5&#8243; _builder_version=&#8221;4.27.4&#8243; _module_preset=&#8221;default&#8221; global_colors_info=&#8221;{}&#8221;][et_pb_text _builder_version=&#8221;4.27.4&#8243; _module_preset=&#8221;default&#8221; inline_fonts=&#8221;Questrial&#8221; global_colors_info=&#8221;{}&#8221;]<\/p>\n<p style=\"text-align: center;\"><span style=\"font-family: Questrial; font-weight: normal; font-size: x-large; color: #0a0a0a;\"><strong><span class=\"OYPEnA font-feature-liga-off font-feature-clig-off font-feature-calt-off text-decoration-none text-strikethrough-none\">connect with us on our social media channels.<\/span><\/strong><\/span><\/p>\n<p>[\/et_pb_text][et_pb_image src=&#8221;https:\/\/www.claircoffee.com\/wp-content\/uploads\/2025\/04\/fb-btn.png&#8221; title_text=&#8221;fb-btn&#8221; url=&#8221;https:\/\/www.facebook.com\/claircoffeeph&#8221; url_new_window=&#8221;on&#8221; align=&#8221;center&#8221; _builder_version=&#8221;4.27.4&#8243; _module_preset=&#8221;default&#8221; global_colors_info=&#8221;{}&#8221;][\/et_pb_image][et_pb_image src=&#8221;https:\/\/www.claircoffee.com\/wp-content\/uploads\/2025\/04\/ig-btn.png&#8221; title_text=&#8221;ig-btn&#8221; url=&#8221;https:\/\/www.instagram.com\/claircoffeeph\/&#8221; url_new_window=&#8221;on&#8221; align=&#8221;center&#8221; _builder_version=&#8221;4.27.4&#8243; _module_preset=&#8221;default&#8221; global_colors_info=&#8221;{}&#8221;][\/et_pb_image][\/et_pb_column][et_pb_column type=&#8221;1_5&#8243; _builder_version=&#8221;4.27.4&#8243; _module_preset=&#8221;default&#8221; global_colors_info=&#8221;{}&#8221;][\/et_pb_column][\/et_pb_row][\/et_pb_section]<\/p>\n","protected":false},"excerpt":{"rendered":"<p>We believe that great coffee can transform any moment into something memorable. We specialize in crafting high-quality, coffee drinks\u2014served fresh, fast, and with a smile\u2014wherever the celebration takes us. Born from a love for both coffee culture and community, we created a mobile caf\u00e9 experience that brings the charm of a specialty coffee shop directly [&hellip;]<\/p>\n","protected":false},"author":1,"featured_media":0,"parent":0,"menu_order":0,"comment_status":"closed","ping_status":"closed","template":"","meta":{"_et_pb_use_builder":"on","_et_pb_old_content":"","_et_gb_content_width":"","footnotes":""},"class_list":["post-11","page","type-page","status-publish","hentry"],"_links":{"self":[{"href":"https:\/\/www.claircoffee.com\/index.php\/wp-json\/wp\/v2\/pages\/11","targetHints":{"allow":["GET"]}}],"collection":[{"href":"https:\/\/www.claircoffee.com\/index.php\/wp-json\/wp\/v2\/pages"}],"about":[{"href":"https:\/\/www.claircoffee.com\/index.php\/wp-json\/wp\/v2\/types\/page"}],"author":[{"embeddable":true,"href":"https:\/\/www.claircoffee.com\/index.php\/wp-json\/wp\/v2\/users\/1"}],"replies":[{"embeddable":true,"href":"https:\/\/www.claircoffee.com\/index.php\/wp-json\/wp\/v2\/comments?post=11"}],"version-history":[{"count":28,"href":"https:\/\/www.claircoffee.com\/index.php\/wp-json\/wp\/v2\/pages\/11\/revisions"}],"predecessor-version":[{"id":75,"href":"https:\/\/www.claircoffee.com\/index.php\/wp-json\/wp\/v2\/pages\/11\/revisions\/75"}],"wp:attachment":[{"href":"https:\/\/www.claircoffee.com\/index.php\/wp-json\/wp\/v2\/media?parent=11"}],"curies":[{"name":"wp","href":"https:\/\/api.w.org\/{rel}","templated":true}]}}